{"id":1576,"date":"2026-03-05T09:53:19","date_gmt":"2026-03-05T07:53:19","guid":{"rendered":"https:\/\/tamaraschershai.co.il\/?page_id=1576"},"modified":"2026-03-05T09:53:57","modified_gmt":"2026-03-05T07:53:57","slug":"erklaerung-zur-barrierefreiheit","status":"publish","type":"page","link":"https:\/\/tamaraschershai.co.il\/?page_id=1576&lang=de","title":{"rendered":"Erkl\u00e4rung zur Barrierefreiheit"},"content":{"rendered":"\t\t<div data-elementor-type=\"wp-page\" data-elementor-id=\"1576\" class=\"elementor elementor-1576\" data-elementor-post-type=\"page\">\n\t\t\t\t<div class=\"elementor-element elementor-element-3176247 e-con-full e-flex e-con e-parent\" data-id=\"3176247\" data-element_type=\"container\" data-e-type=\"container\">\n\t\t\t\t<div class=\"elementor-element elementor-element-40c0a09 elementor-widget elementor-widget-text-editor\" data-id=\"40c0a09\" data-element_type=\"widget\" data-e-type=\"widget\" data-widget_type=\"text-editor.default\">\n\t\t\t\t\t\t\t\t\t<article class=\"text-token-text-primary w-full focus:outline-none [--shadow-height:45px] has-data-writing-block:pointer-events-none has-data-writing-block:-mt-(--shadow-height) has-data-writing-block:pt-(--shadow-height) [&amp;:has([data-writing-block])&gt;*]:pointer-events-auto scroll-mt-(--header-height)\" dir=\"auto\" tabindex=\"-1\" data-turn-id=\"9be06082-6d90-41a1-890c-9291b87e6476\" data-testid=\"conversation-turn-3\" data-scroll-anchor=\"false\" data-turn=\"user\"><div class=\"text-base my-auto mx-auto pt-12 [--thread-content-margin:--spacing(4)] @w-sm\/main:[--thread-content-margin:--spacing(6)] @w-lg\/main:[--thread-content-margin:--spacing(16)] px-(--thread-content-margin)\"><div class=\"[--thread-content-max-width:40rem] @w-lg\/main:[--thread-content-max-width:48rem] mx-auto max-w-(--thread-content-max-width) flex-1 group\/turn-messages focus-visible:outline-hidden relative flex w-full min-w-0 flex-col\" tabindex=\"-1\"><div class=\"flex max-w-full flex-col grow\"><div class=\"min-h-8 text-message relative flex w-full flex-col items-end gap-2 text-start break-words whitespace-normal [.text-message+&amp;]:mt-1\" dir=\"auto\" data-message-author-role=\"user\" data-message-id=\"9be06082-6d90-41a1-890c-9291b87e6476\"><div class=\"flex w-full flex-col gap-1 empty:hidden items-end rtl:items-start\"><div class=\"user-message-bubble-color corner-superellipse\/1.1 relative rounded-[18px] px-4 py-1.5 data-[multiline]:py-3 max-w-[var(--user-chat-width,70%)]\"><div class=\"whitespace-pre-wrap\">\u00a0<\/div><\/div><\/div><\/div><\/div><div class=\"z-0 flex justify-end\">\u00a0<\/div><\/div><\/div><\/article><article class=\"text-token-text-primary w-full focus:outline-none [--shadow-height:45px] has-data-writing-block:pointer-events-none has-data-writing-block:-mt-(--shadow-height) has-data-writing-block:pt-(--shadow-height) [&amp;:has([data-writing-block])&gt;*]:pointer-events-auto scroll-mt-[calc(var(--header-height)+min(200px,max(70px,20svh)))]\" dir=\"auto\" tabindex=\"-1\" data-turn-id=\"request-WEB:f443a71c-a451-4b59-9c93-5837ab25e141-1\" data-testid=\"conversation-turn-4\" data-scroll-anchor=\"true\" data-turn=\"assistant\"><div class=\"text-base my-auto mx-auto pb-10 [--thread-content-margin:--spacing(4)] @w-sm\/main:[--thread-content-margin:--spacing(6)] @w-lg\/main:[--thread-content-margin:--spacing(16)] px-(--thread-content-margin)\"><div class=\"[--thread-content-max-width:40rem] @w-lg\/main:[--thread-content-max-width:48rem] mx-auto max-w-(--thread-content-max-width) flex-1 group\/turn-messages focus-visible:outline-hidden relative flex w-full min-w-0 flex-col agent-turn\" tabindex=\"-1\"><div class=\"flex max-w-full flex-col grow\"><div class=\"min-h-8 text-message relative flex w-full flex-col items-end gap-2 text-start break-words whitespace-normal [.text-message+&amp;]:mt-1\" dir=\"auto\" data-message-author-role=\"assistant\" data-message-id=\"cf17fd51-20b4-4583-ad8f-8b4f4b5038a7\" data-message-model-slug=\"gpt-5-3\"><div class=\"flex w-full flex-col gap-1 empty:hidden first:pt-[1px]\"><div class=\"markdown prose dark:prose-invert w-full wrap-break-word light markdown-new-styling\"><p data-start=\"0\" data-end=\"57\"><strong data-start=\"0\" data-end=\"57\">Erkl\u00e4rung zur Barrierefreiheit &#8211; Dr. Tamar Asher Shai<\/strong><\/p><p data-start=\"59\" data-end=\"224\">Die Website <strong data-start=\"71\" data-end=\"96\">tamaraschershai.co.il<\/strong> bem\u00fcht sich, ihre Inhalte und Dienstleistungen f\u00fcr alle Nutzer zug\u00e4nglich zu machen, einschlie\u00dflich Menschen mit Behinderungen.<\/p><p data-start=\"226\" data-end=\"452\">Auf der Website wurde ein kostenloses Barrierefreiheits-Plugin installiert, das grundlegende Funktionen erm\u00f6glicht, wie zum Beispiel die Anpassung der Textgr\u00f6\u00dfe, Farbkontraste, das Hervorheben von Links und weitere Funktionen.<\/p><p data-start=\"454\" data-end=\"478\"><strong data-start=\"454\" data-end=\"478\">Umgesetzte Ma\u00dfnahmen<\/strong><\/p><ul data-start=\"480\" data-end=\"815\"><li data-start=\"480\" data-end=\"539\"><p data-start=\"482\" data-end=\"539\">Verwendung eines kostenlosen Barrierefreiheits-Plugins.<\/p><\/li><li data-start=\"540\" data-end=\"692\"><p data-start=\"542\" data-end=\"692\">Die Struktur der Website basiert auf dem Content-Management-System <strong data-start=\"609\" data-end=\"622\">WordPress<\/strong>, das eine relativ gute Kompatibilit\u00e4t mit Screenreadern erm\u00f6glicht.<\/p><\/li><li data-start=\"693\" data-end=\"815\"><p data-start=\"695\" data-end=\"815\">Es wurde darauf geachtet, klare Texte und \u00fcbersichtlich strukturierte Abs\u00e4tze zu verwenden, um das Lesen zu erleichtern.<\/p><\/li><\/ul><p data-start=\"817\" data-end=\"857\"><strong data-start=\"817\" data-end=\"857\">Einschr\u00e4nkungen der Barrierefreiheit<\/strong><\/p><p data-start=\"859\" data-end=\"967\">Trotz der Bem\u00fchungen kann es sein, dass einige Inhalte der Website noch nicht vollst\u00e4ndig barrierefrei sind.<\/p><p data-start=\"969\" data-end=\"982\">Zum Beispiel:<\/p><ul data-start=\"984\" data-end=\"1163\"><li data-start=\"984\" data-end=\"1086\"><p data-start=\"986\" data-end=\"1086\">Anh\u00e4nge (PDF, Word-Dokumente, Videos), die noch nicht vollst\u00e4ndig barrierefrei aufbereitet wurden.<\/p><\/li><li data-start=\"1087\" data-end=\"1163\"><p data-start=\"1089\" data-end=\"1163\">Bereiche, in denen das kostenlose Plugin keine vollst\u00e4ndige L\u00f6sung bietet.<\/p><\/li><\/ul><p data-start=\"1165\" data-end=\"1179\"><strong data-start=\"1165\" data-end=\"1179\">Empfehlung<\/strong><\/p><p data-start=\"1181\" data-end=\"1357\">Personen, die eine vollst\u00e4ndige Barrierefreiheit ben\u00f6tigen, wird empfohlen, ihre pers\u00f6nlichen Hilfsmittel zur Barrierefreiheit zu verwenden, zum Beispiel Screenreader-Software.<\/p><p data-start=\"1359\" data-end=\"1531\">Au\u00dferdem wird in Zukunft gepr\u00fcft, ein erweitertes Barrierefreiheits-Plugin zu installieren, um eine umfassendere Einhaltung der gesetzlichen Anforderungen zu gew\u00e4hrleisten.<\/p><p data-start=\"1533\" data-end=\"1571\"><strong data-start=\"1533\" data-end=\"1571\">Kontakt zum Thema Barrierefreiheit<\/strong><\/p><p data-start=\"1573\" data-end=\"1744\">Falls Sie auf der Website auf ein Problem im Zusammenhang mit der Barrierefreiheit sto\u00dfen, freuen wir uns \u00fcber Ihre Kontaktaufnahme, damit wir eine L\u00f6sung anbieten k\u00f6nnen:<\/p><p data-start=\"1746\" data-end=\"1830\">Telefon: +972505387241<br data-start=\"1768\" data-end=\"1771\" \/>WhatsApp-Nachricht senden<br data-start=\"1796\" data-end=\"1799\" \/>E-Mail: <a class=\"decorated-link cursor-pointer\" rel=\"noopener\" data-start=\"1807\" data-end=\"1830\">tamarascher@hotmail.com<\/a><\/p><\/div><\/div><\/div><\/div><\/div><\/div><\/article>\t\t\t\t\t\t\t\t<\/div>\n\t\t\t\t<\/div>\n\t\t\t\t<\/div>\n\t\t","protected":false},"excerpt":{"rendered":"<p>\u00a0\u00a0 Erkl\u00e4rung zur Barrierefreiheit &#8211; Dr. Tamar Asher Shai Die Website tamaraschershai.co.il bem\u00fcht sich, ihre Inhalte und Dienstleistungen f\u00fcr alle Nutzer zug\u00e4nglich zu machen, einschlie\u00dflich Menschen mit Behinderungen. Auf der Website wurde ein kostenloses Barrierefreiheits-Plugin installiert, das grundlegende Funktionen erm\u00f6glicht, wie zum Beispiel die Anpassung der Textgr\u00f6\u00dfe, Farbkontraste, das Hervorheben von Links und weitere Funktionen. [&hellip;]<\/p>\n","protected":false},"author":1,"featured_media":0,"parent":0,"menu_order":0,"comment_status":"closed","ping_status":"closed","template":"elementor_header_footer","meta":{"_monsterinsights_skip_tracking":false,"_monsterinsights_sitenote_active":false,"_monsterinsights_sitenote_note":"","_monsterinsights_sitenote_category":0,"footnotes":""},"class_list":["post-1576","page","type-page","status-publish","hentry"],"yoast_head":"<!-- This site is optimized with the Yoast SEO plugin v27.2 - https:\/\/yoast.com\/product\/yoast-seo-wordpress\/ -->\n<title>Erkl\u00e4rung zur Barrierefreiheit - \u05d3&quot;\u05e8 \u05ea\u05de\u05e8 \u05d0\u05e9\u05e8 \u05e9\u05d9 \u2013 \u05d4\u05e8\u05e6\u05d0\u05d5\u05ea \u05d5\u05e1\u05d3\u05e0\u05d0\u05d5\u05ea \u05dc\u05de\u05d5\u05d2\u05e0\u05d5\u05ea \u05d9\u05dc\u05d3\u05d9\u05dd<\/title>\n<meta name=\"robots\" content=\"index, follow, max-snippet:-1, max-image-preview:large, max-video-preview:-1\" \/>\n<link rel=\"canonical\" href=\"https:\/\/tamaraschershai.co.il\/?page_id=1576&lang=de\" \/>\n<meta property=\"og:locale\" content=\"he_IL\" \/>\n<meta property=\"og:type\" content=\"article\" \/>\n<meta property=\"og:title\" content=\"Erkl\u00e4rung zur Barrierefreiheit - \u05d3&quot;\u05e8 \u05ea\u05de\u05e8 \u05d0\u05e9\u05e8 \u05e9\u05d9 \u2013 \u05d4\u05e8\u05e6\u05d0\u05d5\u05ea \u05d5\u05e1\u05d3\u05e0\u05d0\u05d5\u05ea \u05dc\u05de\u05d5\u05d2\u05e0\u05d5\u05ea \u05d9\u05dc\u05d3\u05d9\u05dd\" \/>\n<meta property=\"og:description\" content=\"\u00a0\u00a0 Erkl\u00e4rung zur Barrierefreiheit &#8211; Dr. Tamar Asher Shai Die Website tamaraschershai.co.il bem\u00fcht sich, ihre Inhalte und Dienstleistungen f\u00fcr alle Nutzer zug\u00e4nglich zu machen, einschlie\u00dflich Menschen mit Behinderungen. Auf der Website wurde ein kostenloses Barrierefreiheits-Plugin installiert, das grundlegende Funktionen erm\u00f6glicht, wie zum Beispiel die Anpassung der Textgr\u00f6\u00dfe, Farbkontraste, das Hervorheben von Links und weitere Funktionen. [&hellip;]\" \/>\n<meta property=\"og:url\" content=\"https:\/\/tamaraschershai.co.il\/?page_id=1576&amp;lang=de\" \/>\n<meta property=\"og:site_name\" content=\"\u05d3&quot;\u05e8 \u05ea\u05de\u05e8 \u05d0\u05e9\u05e8 \u05e9\u05d9 \u2013 \u05d4\u05e8\u05e6\u05d0\u05d5\u05ea \u05d5\u05e1\u05d3\u05e0\u05d0\u05d5\u05ea \u05dc\u05de\u05d5\u05d2\u05e0\u05d5\u05ea \u05d9\u05dc\u05d3\u05d9\u05dd\" \/>\n<meta property=\"article:modified_time\" content=\"2026-03-05T07:53:57+00:00\" \/>\n<meta name=\"twitter:card\" content=\"summary_large_image\" \/>\n<meta name=\"twitter:label1\" content=\"\u05d6\u05de\u05df \u05e7\u05e8\u05d9\u05d0\u05d4 \u05de\u05d5\u05e2\u05e8\u05da\" \/>\n\t<meta name=\"twitter:data1\" content=\"2 \u05d3\u05e7\u05d5\u05ea\" \/>\n<script type=\"application\/ld+json\" class=\"yoast-schema-graph\">{\"@context\":\"https:\/\/schema.org\",\"@graph\":[{\"@type\":\"WebPage\",\"@id\":\"https:\/\/tamaraschershai.co.il\/?page_id=1576&lang=de\",\"url\":\"https:\/\/tamaraschershai.co.il\/?page_id=1576&lang=de\",\"name\":\"Erkl\u00e4rung zur Barrierefreiheit - \u05d3&quot;\u05e8 \u05ea\u05de\u05e8 \u05d0\u05e9\u05e8 \u05e9\u05d9 \u2013 \u05d4\u05e8\u05e6\u05d0\u05d5\u05ea \u05d5\u05e1\u05d3\u05e0\u05d0\u05d5\u05ea \u05dc\u05de\u05d5\u05d2\u05e0\u05d5\u05ea \u05d9\u05dc\u05d3\u05d9\u05dd\",\"isPartOf\":{\"@id\":\"https:\/\/tamaraschershai.co.il\/#website\"},\"datePublished\":\"2026-03-05T07:53:19+00:00\",\"dateModified\":\"2026-03-05T07:53:57+00:00\",\"breadcrumb\":{\"@id\":\"https:\/\/tamaraschershai.co.il\/?page_id=1576&lang=de#breadcrumb\"},\"inLanguage\":\"he-IL\",\"potentialAction\":[{\"@type\":\"ReadAction\",\"target\":[\"https:\/\/tamaraschershai.co.il\/?page_id=1576&lang=de\"]}]},{\"@type\":\"BreadcrumbList\",\"@id\":\"https:\/\/tamaraschershai.co.il\/?page_id=1576&lang=de#breadcrumb\",\"itemListElement\":[{\"@type\":\"ListItem\",\"position\":1,\"name\":\"\u05d3\u05e3 \u05d4\u05d1\u05d9\u05ea\",\"item\":\"https:\/\/tamaraschershai.co.il\/\"},{\"@type\":\"ListItem\",\"position\":2,\"name\":\"Erkl\u00e4rung zur Barrierefreiheit\"}]},{\"@type\":\"WebSite\",\"@id\":\"https:\/\/tamaraschershai.co.il\/#website\",\"url\":\"https:\/\/tamaraschershai.co.il\/\",\"name\":\"\u05d3&quot;\u05e8 \u05ea\u05de\u05e8 \u05d0\u05e9\u05e8 \u05e9\u05d9 \u2013 \u05d4\u05e8\u05e6\u05d0\u05d5\u05ea \u05d5\u05e1\u05d3\u05e0\u05d0\u05d5\u05ea \u05dc\u05de\u05d5\u05d2\u05e0\u05d5\u05ea \u05d9\u05dc\u05d3\u05d9\u05dd\",\"description\":\"\u05d4\u05e8\u05e6\u05d0\u05d5\u05ea \u05d5\u05e1\u05d3\u05e0\u05d0\u05d5\u05ea \u05e2\u05dd \u05d3&quot;\u05e8 \u05ea\u05de\u05e8 \u05d0\u05e9\u05e8 \u05e9\u05d9, \u05de\u05d5\u05de\u05d7\u05d9\u05ea \u05dc\u05de\u05d5\u05d2\u05e0\u05d5\u05ea \u05d9\u05dc\u05d3\u05d9\u05dd \u05e2\u05dd 40 \u05e9\u05e0\u05d5\u05ea \u05e0\u05d9\u05e1\u05d9\u05d5\u05df. \u05db\u05dc\u05d9\u05dd \u05e4\u05e9\u05d5\u05d8\u05d9\u05dd \u05dc\u05d4\u05d5\u05e8\u05d9\u05dd \u05d5\u05dc\u05d2\u05e0\u05e0\u05d5\u05ea \u05dc\u05d2\u05d3\u05dc \u05d9\u05dc\u05d3\u05d9\u05dd \u05d1\u05d8\u05d5\u05d7\u05d9\u05dd \u05d5\u05e9\u05de\u05d7\u05d9\u05dd.\",\"potentialAction\":[{\"@type\":\"SearchAction\",\"target\":{\"@type\":\"EntryPoint\",\"urlTemplate\":\"https:\/\/tamaraschershai.co.il\/?s={search_term_string}\"},\"query-input\":{\"@type\":\"PropertyValueSpecification\",\"valueRequired\":true,\"valueName\":\"search_term_string\"}}],\"inLanguage\":\"he-IL\"}]}<\/script>\n<!-- \/ Yoast SEO plugin. -->","yoast_head_json":{"title":"Erkl\u00e4rung zur Barrierefreiheit - \u05d3&quot;\u05e8 \u05ea\u05de\u05e8 \u05d0\u05e9\u05e8 \u05e9\u05d9 \u2013 \u05d4\u05e8\u05e6\u05d0\u05d5\u05ea \u05d5\u05e1\u05d3\u05e0\u05d0\u05d5\u05ea \u05dc\u05de\u05d5\u05d2\u05e0\u05d5\u05ea \u05d9\u05dc\u05d3\u05d9\u05dd","robots":{"index":"index","follow":"follow","max-snippet":"max-snippet:-1","max-image-preview":"max-image-preview:large","max-video-preview":"max-video-preview:-1"},"canonical":"https:\/\/tamaraschershai.co.il\/?page_id=1576&lang=de","og_locale":"he_IL","og_type":"article","og_title":"Erkl\u00e4rung zur Barrierefreiheit - \u05d3&quot;\u05e8 \u05ea\u05de\u05e8 \u05d0\u05e9\u05e8 \u05e9\u05d9 \u2013 \u05d4\u05e8\u05e6\u05d0\u05d5\u05ea \u05d5\u05e1\u05d3\u05e0\u05d0\u05d5\u05ea \u05dc\u05de\u05d5\u05d2\u05e0\u05d5\u05ea \u05d9\u05dc\u05d3\u05d9\u05dd","og_description":"\u00a0\u00a0 Erkl\u00e4rung zur Barrierefreiheit &#8211; Dr. Tamar Asher Shai Die Website tamaraschershai.co.il bem\u00fcht sich, ihre Inhalte und Dienstleistungen f\u00fcr alle Nutzer zug\u00e4nglich zu machen, einschlie\u00dflich Menschen mit Behinderungen. Auf der Website wurde ein kostenloses Barrierefreiheits-Plugin installiert, das grundlegende Funktionen erm\u00f6glicht, wie zum Beispiel die Anpassung der Textgr\u00f6\u00dfe, Farbkontraste, das Hervorheben von Links und weitere Funktionen. [&hellip;]","og_url":"https:\/\/tamaraschershai.co.il\/?page_id=1576&lang=de","og_site_name":"\u05d3&quot;\u05e8 \u05ea\u05de\u05e8 \u05d0\u05e9\u05e8 \u05e9\u05d9 \u2013 \u05d4\u05e8\u05e6\u05d0\u05d5\u05ea \u05d5\u05e1\u05d3\u05e0\u05d0\u05d5\u05ea \u05dc\u05de\u05d5\u05d2\u05e0\u05d5\u05ea \u05d9\u05dc\u05d3\u05d9\u05dd","article_modified_time":"2026-03-05T07:53:57+00:00","twitter_card":"summary_large_image","twitter_misc":{"\u05d6\u05de\u05df \u05e7\u05e8\u05d9\u05d0\u05d4 \u05de\u05d5\u05e2\u05e8\u05da":"2 \u05d3\u05e7\u05d5\u05ea"},"schema":{"@context":"https:\/\/schema.org","@graph":[{"@type":"WebPage","@id":"https:\/\/tamaraschershai.co.il\/?page_id=1576&lang=de","url":"https:\/\/tamaraschershai.co.il\/?page_id=1576&lang=de","name":"Erkl\u00e4rung zur Barrierefreiheit - \u05d3&quot;\u05e8 \u05ea\u05de\u05e8 \u05d0\u05e9\u05e8 \u05e9\u05d9 \u2013 \u05d4\u05e8\u05e6\u05d0\u05d5\u05ea \u05d5\u05e1\u05d3\u05e0\u05d0\u05d5\u05ea \u05dc\u05de\u05d5\u05d2\u05e0\u05d5\u05ea \u05d9\u05dc\u05d3\u05d9\u05dd","isPartOf":{"@id":"https:\/\/tamaraschershai.co.il\/#website"},"datePublished":"2026-03-05T07:53:19+00:00","dateModified":"2026-03-05T07:53:57+00:00","breadcrumb":{"@id":"https:\/\/tamaraschershai.co.il\/?page_id=1576&lang=de#breadcrumb"},"inLanguage":"he-IL","potentialAction":[{"@type":"ReadAction","target":["https:\/\/tamaraschershai.co.il\/?page_id=1576&lang=de"]}]},{"@type":"BreadcrumbList","@id":"https:\/\/tamaraschershai.co.il\/?page_id=1576&lang=de#breadcrumb","itemListElement":[{"@type":"ListItem","position":1,"name":"\u05d3\u05e3 \u05d4\u05d1\u05d9\u05ea","item":"https:\/\/tamaraschershai.co.il\/"},{"@type":"ListItem","position":2,"name":"Erkl\u00e4rung zur Barrierefreiheit"}]},{"@type":"WebSite","@id":"https:\/\/tamaraschershai.co.il\/#website","url":"https:\/\/tamaraschershai.co.il\/","name":"\u05d3&quot;\u05e8 \u05ea\u05de\u05e8 \u05d0\u05e9\u05e8 \u05e9\u05d9 \u2013 \u05d4\u05e8\u05e6\u05d0\u05d5\u05ea \u05d5\u05e1\u05d3\u05e0\u05d0\u05d5\u05ea \u05dc\u05de\u05d5\u05d2\u05e0\u05d5\u05ea \u05d9\u05dc\u05d3\u05d9\u05dd","description":"\u05d4\u05e8\u05e6\u05d0\u05d5\u05ea \u05d5\u05e1\u05d3\u05e0\u05d0\u05d5\u05ea \u05e2\u05dd \u05d3&quot;\u05e8 \u05ea\u05de\u05e8 \u05d0\u05e9\u05e8 \u05e9\u05d9, \u05de\u05d5\u05de\u05d7\u05d9\u05ea \u05dc\u05de\u05d5\u05d2\u05e0\u05d5\u05ea \u05d9\u05dc\u05d3\u05d9\u05dd \u05e2\u05dd 40 \u05e9\u05e0\u05d5\u05ea \u05e0\u05d9\u05e1\u05d9\u05d5\u05df. \u05db\u05dc\u05d9\u05dd \u05e4\u05e9\u05d5\u05d8\u05d9\u05dd \u05dc\u05d4\u05d5\u05e8\u05d9\u05dd \u05d5\u05dc\u05d2\u05e0\u05e0\u05d5\u05ea \u05dc\u05d2\u05d3\u05dc \u05d9\u05dc\u05d3\u05d9\u05dd \u05d1\u05d8\u05d5\u05d7\u05d9\u05dd \u05d5\u05e9\u05de\u05d7\u05d9\u05dd.","potentialAction":[{"@type":"SearchAction","target":{"@type":"EntryPoint","urlTemplate":"https:\/\/tamaraschershai.co.il\/?s={search_term_string}"},"query-input":{"@type":"PropertyValueSpecification","valueRequired":true,"valueName":"search_term_string"}}],"inLanguage":"he-IL"}]}},"_links":{"self":[{"href":"https:\/\/tamaraschershai.co.il\/index.php?rest_route=\/wp\/v2\/pages\/1576","targetHints":{"allow":["GET"]}}],"collection":[{"href":"https:\/\/tamaraschershai.co.il\/index.php?rest_route=\/wp\/v2\/pages"}],"about":[{"href":"https:\/\/tamaraschershai.co.il\/index.php?rest_route=\/wp\/v2\/types\/page"}],"author":[{"embeddable":true,"href":"https:\/\/tamaraschershai.co.il\/index.php?rest_route=\/wp\/v2\/users\/1"}],"replies":[{"embeddable":true,"href":"https:\/\/tamaraschershai.co.il\/index.php?rest_route=%2Fwp%2Fv2%2Fcomments&post=1576"}],"version-history":[{"count":4,"href":"https:\/\/tamaraschershai.co.il\/index.php?rest_route=\/wp\/v2\/pages\/1576\/revisions"}],"predecessor-version":[{"id":1580,"href":"https:\/\/tamaraschershai.co.il\/index.php?rest_route=\/wp\/v2\/pages\/1576\/revisions\/1580"}],"wp:attachment":[{"href":"https:\/\/tamaraschershai.co.il\/index.php?rest_route=%2Fwp%2Fv2%2Fmedia&parent=1576"}],"curies":[{"name":"wp","href":"https:\/\/api.w.org\/{rel}","templated":true}]}}